{"id":1429,"date":"2024-08-10T23:59:00","date_gmt":"2024-08-10T23:59:00","guid":{"rendered":"https:\/\/www.rggloves-algerie.com\/?post_type=product&#038;p=1429"},"modified":"2024-08-11T00:06:04","modified_gmt":"2024-08-11T00:06:04","slug":"zima","status":"publish","type":"product","link":"https:\/\/www.rggloves-algerie.com\/?product=zima","title":{"rendered":"Zima"},"content":{"rendered":"<p><strong>Backhand:<\/strong><br \/>Nouvelle Zone Hybride avec technologie L-Derma Fit, utilisant des fibres haute r\u00e9sistance pour cr\u00e9er un dos de gant l\u00e9ger avec des zones de soutien, d&rsquo;\u00e9lasticit\u00e9 et de respirabilit\u00e9 cibl\u00e9es. <br \/>Inspir\u00e9 des retours des gardiens, RG a d\u00e9velopp\u00e9 un tissu qui \u00e9pouse la forme de la main comme une chaussette tout en offrant un soutien et une durabilit\u00e9 pour le sport. <br \/>La partie inf\u00e9rieure du dos de gant et du poignet utilise un tricot pour une l\u00e9g\u00e8ret\u00e9 et une respirabilit\u00e9 accrues. La combinaison des nouvelles m\u00e9thodes de la Zone Hybride permet une absorption naturelle des chocs lors des frappes, tandis que le tricot Derma Fit assure un confort et un maintien s\u00e9curis\u00e9s au niveau du poignet. Le caoutchouc inject\u00e9 2D avec des motifs complexes offre une flexibilit\u00e9 et une l\u00e9g\u00e8ret\u00e9 exceptionnelles, r\u00e9pondant aux exigences des gardiens modernes avec une durabilit\u00e9 extr\u00eame.<\/p>\n<p><strong>Poignet et Fermeture:<\/strong><br \/>Sangle \u00e9lastique amovible : Con\u00e7ue pour ajuster le poignet selon les besoins des gardiens, offrant une s\u00e9curit\u00e9 optimale tout en renfor\u00e7ant la confiance gr\u00e2ce \u00e0 son ing\u00e9nierie ergonomique, sans avoir \u00e0 resserrer constamment.<\/p>\n<p><strong>Paume:<\/strong><br \/>L&rsquo;une des mousses de paume les plus avanc\u00e9es de RG, le latex allemand Giga+, avec des additifs adh\u00e9sifs sp\u00e9ciaux, offre une adh\u00e9rence exceptionnelle, une grande r\u00e9sistance \u00e0 l&rsquo;abrasion et des performances remarquables dans diverses conditions. La protection Grip sur la partie inf\u00e9rieure de la paume, o\u00f9 le ballon impacte le plus, prolonge la dur\u00e9e de vie du gant et am\u00e9liore la prise.<\/p>\n<p><strong>Coupe:<\/strong><br \/>Nouvelle coupe Hybride Roll N\u00e9gative avec les bouts des doigts en latex pour un ajustement serr\u00e9. Les coutures internes offrent un ajustement pr\u00e9cis, et la construction ergonomique \u00e9pouse parfaitement les mouvements naturels des doigts, fournissant une zone de contact suppl\u00e9mentaire en latex aux bouts des doigts.<\/p>\n","protected":false},"excerpt":{"rendered":"<p>Un gant compl\u00e8tement nouveau avec une technologie et un design in\u00e9dits de RG. Apr\u00e8s de nombreuses recherches et d\u00e9veloppements, nous avons r\u00e9ussi \u00e0 cr\u00e9er notre premi\u00e8re technologie hybride Zone L-DERMAFIT, combinant un dos de gant en latex sur la partie sup\u00e9rieure et la technologie DERMAFIT sur la partie inf\u00e9rieure.<\/p>\n<p>La nouvelle coupe Roll Hybrid, associ\u00e9e \u00e0 l&rsquo;adh\u00e9rence Giga+, offre un ajustement et une prise en main excellents.<\/p>\n","protected":false},"featured_media":1431,"comment_status":"open","ping_status":"closed","template":"","meta":[],"product_brand":[],"product_cat":[34],"product_tag":[],"class_list":{"0":"post-1429","1":"product","2":"type-product","3":"status-publish","4":"has-post-thumbnail","6":"product_cat-gants","8":"first","9":"instock","10":"shipping-taxable","11":"purchasable","12":"product-type-variable","13":"has-default-attributes"},"_links":{"self":[{"href":"https:\/\/www.rggloves-algerie.com\/index.php?rest_route=\/wp\/v2\/product\/1429","targetHints":{"allow":["GET"]}}],"collection":[{"href":"https:\/\/www.rggloves-algerie.com\/index.php?rest_route=\/wp\/v2\/product"}],"about":[{"href":"https:\/\/www.rggloves-algerie.com\/index.php?rest_route=\/wp\/v2\/types\/product"}],"replies":[{"embeddable":true,"href":"https:\/\/www.rggloves-algerie.com\/index.php?rest_route=%2Fwp%2Fv2%2Fcomments&post=1429"}],"wp:featuredmedia":[{"embeddable":true,"href":"https:\/\/www.rggloves-algerie.com\/index.php?rest_route=\/wp\/v2\/media\/1431"}],"wp:attachment":[{"href":"https:\/\/www.rggloves-algerie.com\/index.php?rest_route=%2Fwp%2Fv2%2Fmedia&parent=1429"}],"wp:term":[{"taxonomy":"product_brand","embeddable":true,"href":"https:\/\/www.rggloves-algerie.com\/index.php?rest_route=%2Fwp%2Fv2%2Fproduct_brand&post=1429"},{"taxonomy":"product_cat","embeddable":true,"href":"https:\/\/www.rggloves-algerie.com\/index.php?rest_route=%2Fwp%2Fv2%2Fproduct_cat&post=1429"},{"taxonomy":"product_tag","embeddable":true,"href":"https:\/\/www.rggloves-algerie.com\/index.php?rest_route=%2Fwp%2Fv2%2Fproduct_tag&post=1429"}],"curies":[{"name":"wp","href":"https:\/\/api.w.org\/{rel}","templated":true}]}}