{"id":1389,"date":"2024-08-10T23:36:37","date_gmt":"2024-08-10T23:36:37","guid":{"rendered":"https:\/\/www.rggloves-algerie.com\/?post_type=product&#038;p=1389"},"modified":"2024-08-10T23:45:28","modified_gmt":"2024-08-10T23:45:28","slug":"tuanis","status":"publish","type":"product","link":"https:\/\/www.rggloves-algerie.com\/?product=tuanis","title":{"rendered":"Tuanis"},"content":{"rendered":"<p><strong>Revers:<\/strong><br \/>Nouveau design avec latex allemand emboss\u00e9 4D et rembourrage en n\u00e9opr\u00e8ne doux avec mousse \u00e0 m\u00e9moire.<\/p>\n<p><strong>Corps:<\/strong><br \/>N\u00e9opr\u00e8ne noir emboss\u00e9, r\u00e9sistant \u00e0 l&rsquo;eau, en panneau unique.<\/p>\n<p><strong>Paume:<\/strong><br \/>Latex allemand noir Pro Contact de 4 mm avec 3 mm de rembourrage interne. Le pouce envelopp\u00e9 \u00e0 180 degr\u00e9s offre un meilleur ajustement et contact avec le ballon.<\/p>\n<p><strong>Poignet et Fermeture:<\/strong><br \/>Sangle de poignet \u00e9lastique doublement envelopp\u00e9e de 6 cm de large pour un meilleur ajustement. Le syst\u00e8me EES (Easy Entry System) est con\u00e7u pour une flexibilit\u00e9 totale lors de l&rsquo;enfilage et du retrait, avec un syst\u00e8me de double tirage.<\/p>\n","protected":false},"excerpt":{"rendered":"<p>Notre pr\u00e9c\u00e9dent mod\u00e8le Tuanis a \u00e9t\u00e9 le premier mod\u00e8le port\u00e9 lors d&rsquo;une Coupe du Monde au Qatar, par le gardien international tunisien Ayhmen Dahmen.<\/p>\n<p>Ce mod\u00e8le est l&rsquo;un de nos les plus rembourr\u00e9s.<\/p>\n<p>La Tuanis se distingue par un nouveau design, une nouvelle combinaison de couleurs et un ajustement am\u00e9lior\u00e9. <br \/>Nous avons \u00e9galement int\u00e9gr\u00e9 le syst\u00e8me EES (Easy Entry System) au niveau du poignet, offrant une flexibilit\u00e9 totale lors de l&rsquo;enfilage et du retrait des gants.<br \/>Ce mod\u00e8le offre une excellente adh\u00e9rence, durabilit\u00e9 et confort. Il convient \u00e0 tout gardien, quelles que soient les conditions m\u00e9t\u00e9orologiques !<\/p>\n","protected":false},"featured_media":1390,"comment_status":"open","ping_status":"closed","template":"","meta":[],"product_brand":[],"product_cat":[34],"product_tag":[],"class_list":{"0":"post-1389","1":"product","2":"type-product","3":"status-publish","4":"has-post-thumbnail","6":"product_cat-gants","8":"first","9":"instock","10":"shipping-taxable","11":"purchasable","12":"product-type-variable","13":"has-default-attributes"},"_links":{"self":[{"href":"https:\/\/www.rggloves-algerie.com\/index.php?rest_route=\/wp\/v2\/product\/1389","targetHints":{"allow":["GET"]}}],"collection":[{"href":"https:\/\/www.rggloves-algerie.com\/index.php?rest_route=\/wp\/v2\/product"}],"about":[{"href":"https:\/\/www.rggloves-algerie.com\/index.php?rest_route=\/wp\/v2\/types\/product"}],"replies":[{"embeddable":true,"href":"https:\/\/www.rggloves-algerie.com\/index.php?rest_route=%2Fwp%2Fv2%2Fcomments&post=1389"}],"wp:featuredmedia":[{"embeddable":true,"href":"https:\/\/www.rggloves-algerie.com\/index.php?rest_route=\/wp\/v2\/media\/1390"}],"wp:attachment":[{"href":"https:\/\/www.rggloves-algerie.com\/index.php?rest_route=%2Fwp%2Fv2%2Fmedia&parent=1389"}],"wp:term":[{"taxonomy":"product_brand","embeddable":true,"href":"https:\/\/www.rggloves-algerie.com\/index.php?rest_route=%2Fwp%2Fv2%2Fproduct_brand&post=1389"},{"taxonomy":"product_cat","embeddable":true,"href":"https:\/\/www.rggloves-algerie.com\/index.php?rest_route=%2Fwp%2Fv2%2Fproduct_cat&post=1389"},{"taxonomy":"product_tag","embeddable":true,"href":"https:\/\/www.rggloves-algerie.com\/index.php?rest_route=%2Fwp%2Fv2%2Fproduct_tag&post=1389"}],"curies":[{"name":"wp","href":"https:\/\/api.w.org\/{rel}","templated":true}]}}