{"id":1359,"date":"2024-08-10T23:18:19","date_gmt":"2024-08-10T23:18:19","guid":{"rendered":"https:\/\/www.rggloves-algerie.com\/?post_type=product&#038;p=1359"},"modified":"2024-08-10T23:24:34","modified_gmt":"2024-08-10T23:24:34","slug":"toride-replica","status":"publish","type":"product","link":"https:\/\/www.rggloves-algerie.com\/?product=toride-replica","title":{"rendered":"Toride Replica"},"content":{"rendered":"<p><strong>Revers:<\/strong><br \/>Nouveau design avec des graphiques en sublimation et des couleurs uniques, contrast\u00e9es et vives. Le polyester fin Meccano ventil\u00e9 permet une circulation d&rsquo;air frais entre les doigts et inclut un essuie-front. Son toucher doux et l\u00e9ger inspire plus de confiance aux gardiens. Le dos du gant est en mousse emboss\u00e9e haute densit\u00e9 avec des couleurs uniques, offrant un confort optimal lors des frappes.<\/p>\n<p><strong>Poignet et Fermeture:<\/strong><br \/>M\u00e9thode d&rsquo;ing\u00e9nierie ergonomique pour r\u00e9pondre \u00e0 tous les besoins des gardiens. La sangle \u00e9lastique ajuste le poignet, le s\u00e9curisant tout en renfor\u00e7ant la confiance pendant les matchs ou les entra\u00eenements.<\/p>\n<p><strong>Paume:<\/strong><br \/>Nouvelle paume RG Dynami H-S en latex 3.5+3 mm, offrant un excellent \u00e9quilibre entre adh\u00e9rence et durabilit\u00e9 pour toutes les conditions m\u00e9t\u00e9orologiques.<\/p>\n<p><strong>Coupe:<\/strong><br \/>Coupe n\u00e9gative classique avec coutures internes, maintenant disponible avec la m\u00e9thode Ergonomic Bio Fit. Les coutures internes offrent plus de contr\u00f4le et de flexibilit\u00e9 pendant le jeu, assurant une prise en main optimis\u00e9e et un contr\u00f4le sup\u00e9rieur du ballon.<\/p>\n","protected":false},"excerpt":{"rendered":"<p>Ce nouveau design propose la paume Dynami H-S, offrant un excellent \u00e9quilibre entre adh\u00e9rence et durabilit\u00e9 en conditions s\u00e8ches et mouill\u00e9es. Le Toride Replica est assur\u00e9ment l&rsquo;un des meilleurs gants \u00e0 coupe n\u00e9gative sur le march\u00e9 dans la gamme moyenne.<\/p>\n<p>La sangle \u00e9lastique amovible permet aux gardiens de b\u00e9n\u00e9ficier d&rsquo;une grande stabilit\u00e9 au niveau du poignet selon leurs besoins.<\/p>\n<p>Le Toride Replica est un gant tr\u00e8s l\u00e9ger et respirant pour la main.<\/p>\n<p>Apr\u00e8s un effort consid\u00e9rable en recherche et d\u00e9veloppement, RG propose maintenant ce mod\u00e8le avec un design de dos de gant innovant, une combinaison de couleurs unique, et la nouvelle paume Dynami H-S, faisant de ce gant un choix incontournable pour tous les gardiens, quel que soit leur niveau !<\/p>\n","protected":false},"featured_media":1360,"comment_status":"open","ping_status":"closed","template":"","meta":[],"product_brand":[],"product_cat":[34],"product_tag":[],"class_list":{"0":"post-1359","1":"product","2":"type-product","3":"status-publish","4":"has-post-thumbnail","6":"product_cat-gants","8":"first","9":"instock","10":"shipping-taxable","11":"purchasable","12":"product-type-variable","13":"has-default-attributes"},"_links":{"self":[{"href":"https:\/\/www.rggloves-algerie.com\/index.php?rest_route=\/wp\/v2\/product\/1359","targetHints":{"allow":["GET"]}}],"collection":[{"href":"https:\/\/www.rggloves-algerie.com\/index.php?rest_route=\/wp\/v2\/product"}],"about":[{"href":"https:\/\/www.rggloves-algerie.com\/index.php?rest_route=\/wp\/v2\/types\/product"}],"replies":[{"embeddable":true,"href":"https:\/\/www.rggloves-algerie.com\/index.php?rest_route=%2Fwp%2Fv2%2Fcomments&post=1359"}],"wp:featuredmedia":[{"embeddable":true,"href":"https:\/\/www.rggloves-algerie.com\/index.php?rest_route=\/wp\/v2\/media\/1360"}],"wp:attachment":[{"href":"https:\/\/www.rggloves-algerie.com\/index.php?rest_route=%2Fwp%2Fv2%2Fmedia&parent=1359"}],"wp:term":[{"taxonomy":"product_brand","embeddable":true,"href":"https:\/\/www.rggloves-algerie.com\/index.php?rest_route=%2Fwp%2Fv2%2Fproduct_brand&post=1359"},{"taxonomy":"product_cat","embeddable":true,"href":"https:\/\/www.rggloves-algerie.com\/index.php?rest_route=%2Fwp%2Fv2%2Fproduct_cat&post=1359"},{"taxonomy":"product_tag","embeddable":true,"href":"https:\/\/www.rggloves-algerie.com\/index.php?rest_route=%2Fwp%2Fv2%2Fproduct_tag&post=1359"}],"curies":[{"name":"wp","href":"https:\/\/api.w.org\/{rel}","templated":true}]}}