{"id":1322,"date":"2024-08-10T22:07:38","date_gmt":"2024-08-10T22:07:38","guid":{"rendered":"https:\/\/www.rggloves-algerie.com\/?post_type=product&#038;p=1322"},"modified":"2024-08-10T23:05:35","modified_gmt":"2024-08-10T23:05:35","slug":"samurai-2","status":"publish","type":"product","link":"https:\/\/www.rggloves-algerie.com\/?product=samurai-2","title":{"rendered":"Samurai"},"content":{"rendered":"<p><strong>Revers:<\/strong><br \/>Nouveau design du dos de gant infus\u00e9 avec de la mousse en latex allemand, associ\u00e9 au n\u00e9opr\u00e8ne doux et au rembourrage en mousse \u00e0 m\u00e9moire. De plus, un label en silicone blanc avec le nom du mod\u00e8le \u201cSAMURAI\u201d en couleur dor\u00e9e ajoute une touche \u00e9l\u00e9gante au dos du gant.<\/p>\n<p><strong>Corps:<\/strong><br \/>Confectionn\u00e9 en n\u00e9opr\u00e8ne blanc doux de 8 mm avec un rembourrage en mousse \u00e0 m\u00e9moire.<\/p>\n<p><strong>Syst\u00e8me d&rsquo;Enfilage Facile:<\/strong><br \/>Nous avons introduit le nouveau SYST\u00c8ME D&rsquo;ENFILAGE FACILE utilisant du n\u00e9opr\u00e8ne doux et un \u00e9lastique ajust\u00e9 sp\u00e9cialement con\u00e7u pour les gardiens, offrant une flexibilit\u00e9 totale pour un enfilage et un retrait faciles.<\/p>\n<p><strong>Coupe et Paume:<\/strong><br \/>Nouvelle paume en latex allemand blanc de 4 mm avec 3 mm de rembourrage interne, mont\u00e9e sur une coupe semi-roll. Le nouveau syst\u00e8me de protection \u00e0 double enveloppe du pouce offre une meilleure r\u00e9sistance et protection dans la zone du pouce.<\/p>\n<p><strong>Poignet et Fermeture:<\/strong><br \/>Sangle en latex int\u00e9grale qui assure un confort optimal au niveau du poignet gr\u00e2ce \u00e0 son ajustement et sa commodit\u00e9.<\/p>\n","protected":false},"excerpt":{"rendered":"<p>Un mod\u00e8le qui r\u00e9pond parfaitement \u00e0 la demande de gants classiques rembourr\u00e9s chez les gardiens. <br \/>Le dos complet en latex allemand, associ\u00e9 au corps en n\u00e9opr\u00e8ne doux et au rembourrage en mousse \u00e0 m\u00e9moire, conf\u00e8re \u00e0 ce mod\u00e8le un ajustement tr\u00e8s doux et confortable.<\/p>\n","protected":false},"featured_media":1323,"comment_status":"open","ping_status":"closed","template":"","meta":[],"product_brand":[],"product_cat":[34],"product_tag":[],"class_list":{"0":"post-1322","1":"product","2":"type-product","3":"status-publish","4":"has-post-thumbnail","6":"product_cat-gants","8":"first","9":"instock","10":"shipping-taxable","11":"purchasable","12":"product-type-variable","13":"has-default-attributes"},"_links":{"self":[{"href":"https:\/\/www.rggloves-algerie.com\/index.php?rest_route=\/wp\/v2\/product\/1322","targetHints":{"allow":["GET"]}}],"collection":[{"href":"https:\/\/www.rggloves-algerie.com\/index.php?rest_route=\/wp\/v2\/product"}],"about":[{"href":"https:\/\/www.rggloves-algerie.com\/index.php?rest_route=\/wp\/v2\/types\/product"}],"replies":[{"embeddable":true,"href":"https:\/\/www.rggloves-algerie.com\/index.php?rest_route=%2Fwp%2Fv2%2Fcomments&post=1322"}],"wp:featuredmedia":[{"embeddable":true,"href":"https:\/\/www.rggloves-algerie.com\/index.php?rest_route=\/wp\/v2\/media\/1323"}],"wp:attachment":[{"href":"https:\/\/www.rggloves-algerie.com\/index.php?rest_route=%2Fwp%2Fv2%2Fmedia&parent=1322"}],"wp:term":[{"taxonomy":"product_brand","embeddable":true,"href":"https:\/\/www.rggloves-algerie.com\/index.php?rest_route=%2Fwp%2Fv2%2Fproduct_brand&post=1322"},{"taxonomy":"product_cat","embeddable":true,"href":"https:\/\/www.rggloves-algerie.com\/index.php?rest_route=%2Fwp%2Fv2%2Fproduct_cat&post=1322"},{"taxonomy":"product_tag","embeddable":true,"href":"https:\/\/www.rggloves-algerie.com\/index.php?rest_route=%2Fwp%2Fv2%2Fproduct_tag&post=1322"}],"curies":[{"name":"wp","href":"https:\/\/api.w.org\/{rel}","templated":true}]}}