{"id":1305,"date":"2024-08-10T21:39:26","date_gmt":"2024-08-10T21:39:26","guid":{"rendered":"https:\/\/www.rggloves-algerie.com\/?post_type=product&#038;p=1305"},"modified":"2024-08-10T22:06:16","modified_gmt":"2024-08-10T22:06:16","slug":"samurai","status":"publish","type":"product","link":"https:\/\/www.rggloves-algerie.com\/?product=samurai","title":{"rendered":"Samurai"},"content":{"rendered":"<p><strong>Revers\u00a0:<\/strong><br \/>Nouveau design \u00e9pur\u00e9 100% BLANC ou presque ! Incorporation du logo de la marque RG en noir pour un rendu sobre et \u00e9l\u00e9gant !<br \/>Latex allemande 3D avec 4mm de latex allemand naturel + 3mm de couche amortissante \u00e0 l&rsquo;int\u00e9rieur du gant.<br \/>Le tout est construit sur une base de JAGUARD MESH respirant pour une\u00a0excellente \u00e9vacuation de la transpiration.<br \/>Technologies sp\u00e9cifiques : <br \/>RG Rubber punch en latex naturel qui s\u00e9curisera et\u00a0renforcera vos renvois aux poings\u00a0tout en conservant la flexibilit\u00e9 des articulations pour garder des mouvements naturels.\u00a0<\/p>\n<p><strong>Corps : <\/strong><br \/>Le Jaguard Mesh procure une flexibilit\u00e9 maximale et assure une tr\u00e8s bonne a\u00e9ration \u00e0 l&rsquo;int\u00e9rieur du gant.Tr\u00e8s \u00e9pur\u00e9, fiable et sobre, en hommage \u00e0 la mentalit\u00e9 japonaise qu\u2019il repr\u00e9sente.\u00a0<\/p>\n<p><strong>PAUME \/ GRIP &amp; COUTURES\u00a0 :<\/strong><br \/>Paume de latex allemand : Contact Grip\u00a0Mousse Blanche de 4mm de latex grippant + 3 mm de\u00a0couche amortissante \u00e0 l\u2019int\u00e9rieur du gant. <br \/>Couture hybride Semi Roll Cut offre une ma\u00eetrise totale du ballon lors de la prise de balle.Le pouce est quant \u00e0 lui doublement envelopp\u00e9 et procure une plus grande surface de contact avec le ballon. <br \/>Cette zone permet aussi une meilleure s\u00e9curit\u00e9 et une meilleure protection.\u00a0Technologie\u00a0FIXFIT \u00e0 l\u2019int\u00e9rieur du gant. Les inserts de gel en contact avec la paume de votre main permettent un ajustement maximum.<\/p>\n<p><strong>POIGNET &amp; FERMETURE\u00a0 :<\/strong><br \/>Bandage large et \u00e9lastique \u00e0 double fermeture tr\u00e8s r\u00e9sistant. Sa largeur de 6 cm assure un maintien incomparable du poignet.<br \/>Le RG rubber tab plac\u00e9 au bout de la languette de fermeture, qui permet d&rsquo;\u00e9viter une \u00e9rosion pr\u00e9matur\u00e9e de la bande\u00a0lorsque vous enfilez votre second gant.<br \/>Languette d\u2019enfilage situ\u00e9e au centre du tunnel d\u2019entr\u00e9e du gant afin de tirer dessus lors de l\u2019insertion de la main.\u00a0<br \/>Tunnel d&rsquo;entr\u00e9 \u00e9lastique qui s&rsquo;adaptera \u00e0 votre morphologie.\u00a0<\/p>\n","protected":false},"excerpt":{"rendered":"<p>La paire de gants RG reprend les codes du Samura\u00ef, et y incorpore une touche suppl\u00e9mentaire avec ses rappels noirs griff\u00e9s et du plus bel effet !\u00a0<\/p>\n<p>Un TOP gant de goals pour les portiers en recherche d&rsquo;un gant \u00e9pais, mais proche des doigts. La s\u00e9curit\u00e9 et les sensations de prise de balles seront au rendez-vous avec le SAMURAI.<\/p>\n","protected":false},"featured_media":1318,"comment_status":"open","ping_status":"closed","template":"","meta":[],"product_brand":[],"product_cat":[34],"product_tag":[],"class_list":{"0":"post-1305","1":"product","2":"type-product","3":"status-publish","4":"has-post-thumbnail","6":"product_cat-gants","8":"first","9":"instock","10":"shipping-taxable","11":"purchasable","12":"product-type-variable","13":"has-default-attributes"},"_links":{"self":[{"href":"https:\/\/www.rggloves-algerie.com\/index.php?rest_route=\/wp\/v2\/product\/1305","targetHints":{"allow":["GET"]}}],"collection":[{"href":"https:\/\/www.rggloves-algerie.com\/index.php?rest_route=\/wp\/v2\/product"}],"about":[{"href":"https:\/\/www.rggloves-algerie.com\/index.php?rest_route=\/wp\/v2\/types\/product"}],"replies":[{"embeddable":true,"href":"https:\/\/www.rggloves-algerie.com\/index.php?rest_route=%2Fwp%2Fv2%2Fcomments&post=1305"}],"wp:featuredmedia":[{"embeddable":true,"href":"https:\/\/www.rggloves-algerie.com\/index.php?rest_route=\/wp\/v2\/media\/1318"}],"wp:attachment":[{"href":"https:\/\/www.rggloves-algerie.com\/index.php?rest_route=%2Fwp%2Fv2%2Fmedia&parent=1305"}],"wp:term":[{"taxonomy":"product_brand","embeddable":true,"href":"https:\/\/www.rggloves-algerie.com\/index.php?rest_route=%2Fwp%2Fv2%2Fproduct_brand&post=1305"},{"taxonomy":"product_cat","embeddable":true,"href":"https:\/\/www.rggloves-algerie.com\/index.php?rest_route=%2Fwp%2Fv2%2Fproduct_cat&post=1305"},{"taxonomy":"product_tag","embeddable":true,"href":"https:\/\/www.rggloves-algerie.com\/index.php?rest_route=%2Fwp%2Fv2%2Fproduct_tag&post=1305"}],"curies":[{"name":"wp","href":"https:\/\/api.w.org\/{rel}","templated":true}]}}