{"id":1288,"date":"2024-08-10T21:01:07","date_gmt":"2024-08-10T21:01:07","guid":{"rendered":"https:\/\/www.rggloves-algerie.com\/?post_type=product&#038;p=1288"},"modified":"2024-08-10T21:11:16","modified_gmt":"2024-08-10T21:11:16","slug":"snaga-f-s","status":"publish","type":"product","link":"https:\/\/www.rggloves-algerie.com\/?product=snaga-f-s","title":{"rendered":"Snaga F\/S"},"content":{"rendered":"<p><strong>Revers :<\/strong><br \/>Caoutchouc naturel Eva zone \u00e0 haute performance, avec cellules ouvertes, combinable avec divers tissus. Solution r\u00e9volutionnaire pour les applications n\u00e9cessitant une grande respirabilit\u00e9 et des caract\u00e9ristiques \u00e9lastiques \u00e9lev\u00e9es. EVO Zone est le r\u00e9sultat de l&rsquo;application d&rsquo;une technologie d&rsquo;ing\u00e9nierie de pointe au confort. Ses caract\u00e9ristiques cl\u00e9s sont : doublure \u00e9lastique, respirabilit\u00e9, \u00e9lasticit\u00e9, durabilit\u00e9, biod\u00e9gradable et \u00e9cologique, et r\u00e9sistance \u00e0 l&rsquo;eau. EVO Zone permet des niveaux plus \u00e9lev\u00e9s de perm\u00e9abilit\u00e9 \u00e0 la vapeur d&rsquo;eau tout en maintenant la m\u00eame capacit\u00e9 de r\u00e9sistance thermique, offrant ainsi un confort thermique sup\u00e9rieur. Les graphismes de sublimation avec leurs couleurs uniques et leur contraste vibrant ajoutent une touche d&rsquo;\u00e9l\u00e9gance. La zone de protection des doigts avec des protections amovibles personnalis\u00e9es, comprenant des \u00e9pines individuelles, renforce vos doigts avec des protecteurs extra-flexibles r\u00e9duisant efficacement le risque de blessure. Le dernier design de protection des doigts permet des positions flexibles pendant le jeu et pr\u00e9vient les \u00e9tirements accidentels. La zone de frappe inject\u00e9e douce avec des objets uniques fabriqu\u00e9s en 3D aide \u00e0 dissiper les impacts \u00e9lev\u00e9s, permettant aux gardiens de frapper le ballon avec encore plus de pr\u00e9cision.<\/p>\n<p><strong>Poignet et Fermeture :<\/strong><br \/>Perfect Easy Entry : un acc\u00e8s simplifi\u00e9 lors de l&rsquo;enfilage, permettant une mise en place rapide des gants de protection des doigts. Ce mod\u00e8le est \u00e9galement dot\u00e9 d&rsquo;une nouvelle sangle \u00e9lastique double pour un meilleur ajustement et une stabilit\u00e9 accrue de la zone du poignet.<\/p>\n<p><strong>Paume :<\/strong><br \/>La paume en latex RG Dynami H-S 3,5 + 3 mm offre une grande r\u00e9sistance \u00e0 l&rsquo;abrasion, une adh\u00e9rence exceptionnelle et un coussin suppl\u00e9mentaire. D\u00e9velopp\u00e9e et fabriqu\u00e9e en Espagne pour des performances remarquables dans la plupart des conditions, elle r\u00e9pond aux exigences modernes des gardiens de but. Une couche suppl\u00e9mentaire de points prot\u00e8ge la surface originale de la paume et permet un meilleur contr\u00f4le dans des conditions difficiles.<\/p>\n<p><strong>Coupe :<\/strong><br \/>Coupe N\u00e9gative ajust\u00e9e plus serr\u00e9e sur la main, offrant une sensibilit\u00e9 accrue des doigts lors du blocage du ballon. Les coutures int\u00e9rieures sont d\u00e9sormais disponibles avec la m\u00e9thode Ergonomic Bio Fit, offrant un meilleur contr\u00f4le du ballon et une flexibilit\u00e9 accrue pendant le jeu.<\/p>\n","protected":false},"excerpt":{"rendered":"<p>Apr\u00e8s de longues recherches et d\u00e9veloppements, nous avons introduit pour ce mod\u00e8le le Perfect Easy Entry : un acc\u00e8s simplifi\u00e9 lors de l&rsquo;enfilage, permettant une mise en place rapide des gants de protection des doigts. <\/p>\n<p>La nouvelle fermeture \u00e0 double sangle \u00e9lastique offre une stabilit\u00e9 optimale au niveau du poignet.<\/p>\n<p>L&rsquo;ajustement est excellent, avec un excellent rembourrage et des coutures int\u00e9rieures d\u00e9sormais disponibles avec la m\u00e9thode Ergonomic Bio Fit, offrant un meilleur contr\u00f4le du ballon et des mouvements flexibles pendant le jeu.<\/p>\n","protected":false},"featured_media":1289,"comment_status":"open","ping_status":"closed","template":"","meta":[],"product_brand":[],"product_cat":[34],"product_tag":[],"class_list":{"0":"post-1288","1":"product","2":"type-product","3":"status-publish","4":"has-post-thumbnail","6":"product_cat-gants","8":"first","9":"instock","10":"shipping-taxable","11":"purchasable","12":"product-type-variable","13":"has-default-attributes"},"_links":{"self":[{"href":"https:\/\/www.rggloves-algerie.com\/index.php?rest_route=\/wp\/v2\/product\/1288","targetHints":{"allow":["GET"]}}],"collection":[{"href":"https:\/\/www.rggloves-algerie.com\/index.php?rest_route=\/wp\/v2\/product"}],"about":[{"href":"https:\/\/www.rggloves-algerie.com\/index.php?rest_route=\/wp\/v2\/types\/product"}],"replies":[{"embeddable":true,"href":"https:\/\/www.rggloves-algerie.com\/index.php?rest_route=%2Fwp%2Fv2%2Fcomments&post=1288"}],"wp:featuredmedia":[{"embeddable":true,"href":"https:\/\/www.rggloves-algerie.com\/index.php?rest_route=\/wp\/v2\/media\/1289"}],"wp:attachment":[{"href":"https:\/\/www.rggloves-algerie.com\/index.php?rest_route=%2Fwp%2Fv2%2Fmedia&parent=1288"}],"wp:term":[{"taxonomy":"product_brand","embeddable":true,"href":"https:\/\/www.rggloves-algerie.com\/index.php?rest_route=%2Fwp%2Fv2%2Fproduct_brand&post=1288"},{"taxonomy":"product_cat","embeddable":true,"href":"https:\/\/www.rggloves-algerie.com\/index.php?rest_route=%2Fwp%2Fv2%2Fproduct_cat&post=1288"},{"taxonomy":"product_tag","embeddable":true,"href":"https:\/\/www.rggloves-algerie.com\/index.php?rest_route=%2Fwp%2Fv2%2Fproduct_tag&post=1288"}],"curies":[{"name":"wp","href":"https:\/\/api.w.org\/{rel}","templated":true}]}}