{"id":1256,"date":"2024-08-10T20:34:26","date_gmt":"2024-08-10T20:34:26","guid":{"rendered":"https:\/\/www.rggloves-algerie.com\/?post_type=product&#038;p=1256"},"modified":"2024-08-10T20:51:52","modified_gmt":"2024-08-10T20:51:52","slug":"aspro-blackout","status":"publish","type":"product","link":"https:\/\/www.rggloves-algerie.com\/?product=aspro-blackout","title":{"rendered":"Aspro Blackout"},"content":{"rendered":"<p><strong>Revers :<\/strong><br \/>Design moderne et nouveau gaufrage pour le mod\u00e8le Aspro Blackout 2024-2025. La combinaison de couleurs noir et blanc, ainsi que le design du revers, sont r\u00e9alis\u00e9s avec du latex synth\u00e9tique de haute qualit\u00e9. \u00c9quip\u00e9 de rembourrage int\u00e9rieur, ce gant est devenu le pr\u00e9f\u00e9r\u00e9 des gardiens et un best-seller mondial.<\/p>\n<p><strong>Paume :<\/strong><br \/>La paume en latex allemand Pro Contact de 4 mm, de la meilleure qualit\u00e9, offre une adh\u00e9rence et une durabilit\u00e9 exceptionnelles sur le march\u00e9.<\/p>\n<p><strong>Coupe :<\/strong><br \/>Coupe Roll Hybrid. Le syst\u00e8me double enveloppe du pouce offre un meilleur contr\u00f4le et un ajustement parfait. Les empi\u00e8cements en mesh assurent la respirabilit\u00e9 n\u00e9cessaire, rendant ce mod\u00e8le extr\u00eamement confortable \u00e0 porter.<\/p>\n<p><strong>Fermeture :<\/strong><br \/>La sangle \u00e9lastique double en synth\u00e9tique avec gel en caoutchouc prolong\u00e9 offre un soutien au poignet, tout en \u00e9tant tr\u00e8s ajustable et confortable.<\/p>\n","protected":false},"excerpt":{"rendered":"<p>Le mod\u00e8le Aspro Blackout conserve toutes les sp\u00e9cifications, mais avec un nouveau design de revers et un gaufrage \u00e9poustouflant, toujours dans les couleurs noir et blanc. <\/p>\n<p>Un mod\u00e8le RG d\u00e9sormais classique et un best-seller mondial.<\/p>\n","protected":false},"featured_media":1257,"comment_status":"open","ping_status":"closed","template":"","meta":[],"product_brand":[],"product_cat":[34],"product_tag":[],"class_list":{"0":"post-1256","1":"product","2":"type-product","3":"status-publish","4":"has-post-thumbnail","6":"product_cat-gants","8":"first","9":"instock","10":"shipping-taxable","11":"purchasable","12":"product-type-variable","13":"has-default-attributes"},"_links":{"self":[{"href":"https:\/\/www.rggloves-algerie.com\/index.php?rest_route=\/wp\/v2\/product\/1256","targetHints":{"allow":["GET"]}}],"collection":[{"href":"https:\/\/www.rggloves-algerie.com\/index.php?rest_route=\/wp\/v2\/product"}],"about":[{"href":"https:\/\/www.rggloves-algerie.com\/index.php?rest_route=\/wp\/v2\/types\/product"}],"replies":[{"embeddable":true,"href":"https:\/\/www.rggloves-algerie.com\/index.php?rest_route=%2Fwp%2Fv2%2Fcomments&post=1256"}],"wp:featuredmedia":[{"embeddable":true,"href":"https:\/\/www.rggloves-algerie.com\/index.php?rest_route=\/wp\/v2\/media\/1257"}],"wp:attachment":[{"href":"https:\/\/www.rggloves-algerie.com\/index.php?rest_route=%2Fwp%2Fv2%2Fmedia&parent=1256"}],"wp:term":[{"taxonomy":"product_brand","embeddable":true,"href":"https:\/\/www.rggloves-algerie.com\/index.php?rest_route=%2Fwp%2Fv2%2Fproduct_brand&post=1256"},{"taxonomy":"product_cat","embeddable":true,"href":"https:\/\/www.rggloves-algerie.com\/index.php?rest_route=%2Fwp%2Fv2%2Fproduct_cat&post=1256"},{"taxonomy":"product_tag","embeddable":true,"href":"https:\/\/www.rggloves-algerie.com\/index.php?rest_route=%2Fwp%2Fv2%2Fproduct_tag&post=1256"}],"curies":[{"name":"wp","href":"https:\/\/api.w.org\/{rel}","templated":true}]}}