{"id":1239,"date":"2024-08-10T20:24:57","date_gmt":"2024-08-10T20:24:57","guid":{"rendered":"https:\/\/www.rggloves-algerie.com\/?post_type=product&#038;p=1239"},"modified":"2024-08-10T20:34:12","modified_gmt":"2024-08-10T20:34:12","slug":"bionix","status":"publish","type":"product","link":"https:\/\/www.rggloves-algerie.com\/?product=bionix","title":{"rendered":"Bionix"},"content":{"rendered":"<p><strong>Revers :<\/strong><br>Caoutchouc naturel Eva zone \u00e0 haute performance, avec cellules ouvertes, combinable avec divers tissus. Solution r\u00e9volutionnaire pour les applications n\u00e9cessitant une grande respirabilit\u00e9 et des caract\u00e9ristiques \u00e9lastiques \u00e9lev\u00e9es. EVO Zone est le r\u00e9sultat de l&rsquo;application d&rsquo;une technologie d&rsquo;ing\u00e9nierie de pointe au confort. Ses caract\u00e9ristiques cl\u00e9s sont : doublure \u00e9lastique, respirabilit\u00e9, \u00e9lasticit\u00e9, durabilit\u00e9, biod\u00e9gradable et \u00e9cologique, et r\u00e9sistance \u00e0 l&rsquo;eau. EVO Zone permet des niveaux plus \u00e9lev\u00e9s de perm\u00e9abilit\u00e9 \u00e0 la vapeur d&rsquo;eau tout en maintenant la m\u00eame capacit\u00e9 de r\u00e9sistance thermique, offrant ainsi un confort thermique sup\u00e9rieur. Les graphismes de sublimation avec leurs couleurs uniques et leur contraste vibrant ajoutent une \u00e9l\u00e9gance propre. Encre : imprim\u00e9e en silicone avec une m\u00e9thode de haute densit\u00e9 pour \u00e9viter un coussin trop souple, tout en offrant une adh\u00e9rence lors du contact avec le ballon. Sa texture unique lui conf\u00e8re une \u00e9l\u00e9gance particuli\u00e8re.<br><br><strong>Syst\u00e8me de Ajustement du Poignet :<\/strong><br>Technologie Hyper d\u00e9velopp\u00e9e et test\u00e9e avec des athl\u00e8tes de haut niveau. Apr\u00e8s l&rsquo;approbation de nos gardiens, nous sommes d\u00e9sormais en mesure d&rsquo;utiliser ce caoutchouc \u00e9lastique en polyester Hyper au bas du gant. Il aide \u00e0 s\u00e9curiser le poignet. La boucle \u00e9lastique amovible est con\u00e7ue de mani\u00e8re unique pour r\u00e9pondre aux besoins des gardiens de but, offrant un syst\u00e8me de s\u00e9curit\u00e9 pour le poignet. Elle peut ajuster le poignet de mani\u00e8re tr\u00e8s efficace, s\u00e9curisant le poignet tout en renfor\u00e7ant la confiance gr\u00e2ce \u00e0 son ing\u00e9nierie ergonomique, \u00e9liminant les oublis de serrage du poignet.<br><br><strong>Paume :<\/strong><br>Paume en mousse \u00e0 m\u00e9moire : l&rsquo;une des mousses de paume les plus avanc\u00e9es de RG, le latex espagnol Python, comprenant des additifs adh\u00e9sifs sp\u00e9ciaux offrant une adh\u00e9rence optimale, une grande r\u00e9sistance \u00e0 l&rsquo;abrasion et des performances exceptionnelles. Nous avons ajout\u00e9 une paume extra-longue avec des textures emboss\u00e9es, offrant un meilleur contr\u00f4le du ballon pendant le match. Les bulles de mousse sont ouvertes, cr\u00e9ant ainsi une matrice permettant \u00e0 l&rsquo;air de circuler. La mousse \u00e0 m\u00e9moire de haute densit\u00e9 s&rsquo;assouplit en r\u00e9action \u00e0 la chaleur corporelle, lui permettant de se mouler au corps chaud en quelques minutes.<br><br><strong>Coupe :<\/strong><br>Coupe Hybrid Roll Negative. Les bouts des doigts sont enroul\u00e9s avec du latex, vers les parties inf\u00e9rieures des doigts, offrant un ajustement serr\u00e9. Les coutures int\u00e9rieures assurent un ajustement parfait, avec une construction exclusive. Leur forme ergonomique s&rsquo;adapte totalement aux mouvements naturels des doigts, offrant une surface de contact suppl\u00e9mentaire en latex au bout des doigts.<\/p>","protected":false},"excerpt":{"rendered":"<p>Un design r\u00e9volutionnaire et des sp\u00e9cifications enti\u00e8rement nouvelles ! <\/p>\n<p>Les graphismes de sublimation avec leurs couleurs uniques et leur contraste vibrant conf\u00e8rent une \u00e9l\u00e9gance in\u00e9gal\u00e9e. <\/p>\n<p>Le Bionix int\u00e8gre d\u00e9sormais l&rsquo;une des mousses de paume les plus avanc\u00e9es de RG, le latex espagnol Python avec caract\u00e9ristiques Memory Fit, permettant \u00e0 la paume de retrouver rapidement sa forme originale apr\u00e8s l&rsquo;impact avec le ballon.<\/p>\n<p> Ce mod\u00e8le comprend \u00e9galement des additifs adh\u00e9sifs sp\u00e9ciaux offrant une adh\u00e9rence optimale, une grande r\u00e9sistance \u00e0 l&rsquo;abrasion et des performances exceptionnelles dans toutes les conditions m\u00e9t\u00e9orologiques. De plus, nous avons ajout\u00e9 une paume extra-longue avec des textures emboss\u00e9es, offrant un meilleur contr\u00f4le du ballon pendant le match.<\/p>\n","protected":false},"featured_media":1240,"comment_status":"open","ping_status":"closed","template":"","meta":[],"product_brand":[],"product_cat":[34],"product_tag":[],"class_list":{"0":"post-1239","1":"product","2":"type-product","3":"status-publish","4":"has-post-thumbnail","6":"product_cat-gants","8":"first","9":"instock","10":"shipping-taxable","11":"purchasable","12":"product-type-variable","13":"has-default-attributes"},"_links":{"self":[{"href":"https:\/\/www.rggloves-algerie.com\/index.php?rest_route=\/wp\/v2\/product\/1239","targetHints":{"allow":["GET"]}}],"collection":[{"href":"https:\/\/www.rggloves-algerie.com\/index.php?rest_route=\/wp\/v2\/product"}],"about":[{"href":"https:\/\/www.rggloves-algerie.com\/index.php?rest_route=\/wp\/v2\/types\/product"}],"replies":[{"embeddable":true,"href":"https:\/\/www.rggloves-algerie.com\/index.php?rest_route=%2Fwp%2Fv2%2Fcomments&post=1239"}],"wp:featuredmedia":[{"embeddable":true,"href":"https:\/\/www.rggloves-algerie.com\/index.php?rest_route=\/wp\/v2\/media\/1240"}],"wp:attachment":[{"href":"https:\/\/www.rggloves-algerie.com\/index.php?rest_route=%2Fwp%2Fv2%2Fmedia&parent=1239"}],"wp:term":[{"taxonomy":"product_brand","embeddable":true,"href":"https:\/\/www.rggloves-algerie.com\/index.php?rest_route=%2Fwp%2Fv2%2Fproduct_brand&post=1239"},{"taxonomy":"product_cat","embeddable":true,"href":"https:\/\/www.rggloves-algerie.com\/index.php?rest_route=%2Fwp%2Fv2%2Fproduct_cat&post=1239"},{"taxonomy":"product_tag","embeddable":true,"href":"https:\/\/www.rggloves-algerie.com\/index.php?rest_route=%2Fwp%2Fv2%2Fproduct_tag&post=1239"}],"curies":[{"name":"wp","href":"https:\/\/api.w.org\/{rel}","templated":true}]}}