{"id":1222,"date":"2024-08-10T19:09:37","date_gmt":"2024-08-10T19:09:37","guid":{"rendered":"https:\/\/www.rggloves-algerie.com\/?post_type=product&#038;p=1222"},"modified":"2024-08-10T19:14:12","modified_gmt":"2024-08-10T19:14:12","slug":"bacan-replica","status":"publish","type":"product","link":"https:\/\/www.rggloves-algerie.com\/?product=bacan-replica","title":{"rendered":"Bacan Replica"},"content":{"rendered":"<p><strong>Revers :<\/strong><br \/>Le nouveau Bacan Replica arbore un design color\u00e9 en latex PK Dumbex pour une durabilit\u00e9 et une r\u00e9sistance accrues. <\/p>\n<p><strong>Corps :<\/strong><br \/>Mont\u00e9 sur un maillage Jaguart de 8 mm, offrant une excellente respirabilit\u00e9 pour la main.<\/p>\n<p><strong>Fermeture :<\/strong><br \/>Fermeture en synth\u00e9tique de 6,5 cm avec Velcro \u00e0 double point pour un ajustement plus s\u00fbr au poignet. Le mod\u00e8le Bacan Replica propose \u00e9galement un DOUBLE tirage au niveau du poignet.<\/p>\n<p><strong>Paume :<\/strong><br \/>Latex allemand Super Soft jaune de 4 mm + 3 mm.<\/p>\n<p><strong>Coupe :<\/strong><br \/>Coupe Roll Hybrid offrant un excellent ajustement et mobilit\u00e9 des doigts et de la main. Ce mod\u00e8le poss\u00e8de \u00e9galement un enroulement simple du pouce pour un meilleur contact avec le ballon.<\/p>\n","protected":false},"excerpt":{"rendered":"<p>Un design color\u00e9 et puissant, associ\u00e9 aux sp\u00e9cifications de ce gant, en fait un excellent mod\u00e8le de gamme interm\u00e9diaire pour tous les gardiens de but, quel que soit leur niveau.<\/p>\n","protected":false},"featured_media":1223,"comment_status":"open","ping_status":"closed","template":"","meta":[],"product_brand":[],"product_cat":[34],"product_tag":[],"class_list":{"0":"post-1222","1":"product","2":"type-product","3":"status-publish","4":"has-post-thumbnail","6":"product_cat-gants","8":"first","9":"instock","10":"shipping-taxable","11":"purchasable","12":"product-type-variable","13":"has-default-attributes"},"_links":{"self":[{"href":"https:\/\/www.rggloves-algerie.com\/index.php?rest_route=\/wp\/v2\/product\/1222","targetHints":{"allow":["GET"]}}],"collection":[{"href":"https:\/\/www.rggloves-algerie.com\/index.php?rest_route=\/wp\/v2\/product"}],"about":[{"href":"https:\/\/www.rggloves-algerie.com\/index.php?rest_route=\/wp\/v2\/types\/product"}],"replies":[{"embeddable":true,"href":"https:\/\/www.rggloves-algerie.com\/index.php?rest_route=%2Fwp%2Fv2%2Fcomments&post=1222"}],"wp:featuredmedia":[{"embeddable":true,"href":"https:\/\/www.rggloves-algerie.com\/index.php?rest_route=\/wp\/v2\/media\/1223"}],"wp:attachment":[{"href":"https:\/\/www.rggloves-algerie.com\/index.php?rest_route=%2Fwp%2Fv2%2Fmedia&parent=1222"}],"wp:term":[{"taxonomy":"product_brand","embeddable":true,"href":"https:\/\/www.rggloves-algerie.com\/index.php?rest_route=%2Fwp%2Fv2%2Fproduct_brand&post=1222"},{"taxonomy":"product_cat","embeddable":true,"href":"https:\/\/www.rggloves-algerie.com\/index.php?rest_route=%2Fwp%2Fv2%2Fproduct_cat&post=1222"},{"taxonomy":"product_tag","embeddable":true,"href":"https:\/\/www.rggloves-algerie.com\/index.php?rest_route=%2Fwp%2Fv2%2Fproduct_tag&post=1222"}],"curies":[{"name":"wp","href":"https:\/\/api.w.org\/{rel}","templated":true}]}}