{"id":1192,"date":"2024-08-10T19:02:35","date_gmt":"2024-08-10T19:02:35","guid":{"rendered":"https:\/\/www.rggloves-algerie.com\/?post_type=product&#038;p=1192"},"modified":"2024-08-10T19:08:49","modified_gmt":"2024-08-10T19:08:49","slug":"bacan","status":"publish","type":"product","link":"https:\/\/www.rggloves-algerie.com\/?product=bacan","title":{"rendered":"Bacan"},"content":{"rendered":"<p><strong>Revers :<\/strong><br \/>Nouvelle combinaison de couleurs \u00e9poustouflante en blanc et bleu cyan sur le revers, infus\u00e9 de mat\u00e9riau Breathaprene de 3 mm. Avec une texture de sublimation et un incroyable effet de gaufrage et d&rsquo;impression 3D haute densit\u00e9, ce gant offre une qualit\u00e9 extr\u00eame et une esth\u00e9tique \u00e9lev\u00e9e.<\/p>\n<p><strong>Fermeture :<\/strong><br \/>La sangle \u00e9lastique amovible avec gel en caoutchouc prolong\u00e9 assure confort et stabilit\u00e9 au poignet, \u00e9tant tr\u00e8s ajustable et confortable.<\/p>\n<p><strong>Coupe :<\/strong><br \/>Coupe Roll Hybrid avec un design triple envelopp\u00e9 am\u00e9lior\u00e9 sur le pouce, l&rsquo;index et l&rsquo;auriculaire, offrant un ajustement remarquable et une plus grande surface de contact avec le ballon. Ce mod\u00e8le b\u00e9n\u00e9ficie \u00e9galement d&rsquo;une paume \u00e9tendue, am\u00e9liorant encore l&rsquo;ajustement et l&rsquo;adh\u00e9rence.<\/p>\n<p><strong>Paume :<\/strong><br \/>Paume en latex allemand Pro Contact Cyan de haute qualit\u00e9, offrant une adh\u00e9rence optimale dans toutes les conditions, avec une grande durabilit\u00e9, des propri\u00e9t\u00e9s de maintien renforc\u00e9es et une flexibilit\u00e9 exceptionnelle.<\/p>\n<p><strong>SYST\u00c8ME EASY ENTRY :<\/strong><br \/>Am\u00e9lior\u00e9 techniquement pour offrir une flexibilit\u00e9 totale pour un enfilage et un retrait faciles.<\/p>\n","protected":false},"excerpt":{"rendered":"<p>L&rsquo;un des mod\u00e8les sans couture les plus vendus de RG. Nous sommes convaincus que l&rsquo;ajustement et l&rsquo;adh\u00e9rence de ce nouveau gant RG seront un succ\u00e8s parmi les gardiens de but du monde entier.<\/p>\n","protected":false},"featured_media":1193,"comment_status":"open","ping_status":"closed","template":"","meta":[],"product_brand":[],"product_cat":[34],"product_tag":[],"class_list":{"0":"post-1192","1":"product","2":"type-product","3":"status-publish","4":"has-post-thumbnail","6":"product_cat-gants","8":"first","9":"instock","10":"shipping-taxable","11":"purchasable","12":"product-type-variable","13":"has-default-attributes"},"_links":{"self":[{"href":"https:\/\/www.rggloves-algerie.com\/index.php?rest_route=\/wp\/v2\/product\/1192","targetHints":{"allow":["GET"]}}],"collection":[{"href":"https:\/\/www.rggloves-algerie.com\/index.php?rest_route=\/wp\/v2\/product"}],"about":[{"href":"https:\/\/www.rggloves-algerie.com\/index.php?rest_route=\/wp\/v2\/types\/product"}],"replies":[{"embeddable":true,"href":"https:\/\/www.rggloves-algerie.com\/index.php?rest_route=%2Fwp%2Fv2%2Fcomments&post=1192"}],"wp:featuredmedia":[{"embeddable":true,"href":"https:\/\/www.rggloves-algerie.com\/index.php?rest_route=\/wp\/v2\/media\/1193"}],"wp:attachment":[{"href":"https:\/\/www.rggloves-algerie.com\/index.php?rest_route=%2Fwp%2Fv2%2Fmedia&parent=1192"}],"wp:term":[{"taxonomy":"product_brand","embeddable":true,"href":"https:\/\/www.rggloves-algerie.com\/index.php?rest_route=%2Fwp%2Fv2%2Fproduct_brand&post=1192"},{"taxonomy":"product_cat","embeddable":true,"href":"https:\/\/www.rggloves-algerie.com\/index.php?rest_route=%2Fwp%2Fv2%2Fproduct_cat&post=1192"},{"taxonomy":"product_tag","embeddable":true,"href":"https:\/\/www.rggloves-algerie.com\/index.php?rest_route=%2Fwp%2Fv2%2Fproduct_tag&post=1192"}],"curies":[{"name":"wp","href":"https:\/\/api.w.org\/{rel}","templated":true}]}}