{"id":1174,"date":"2024-08-10T18:53:53","date_gmt":"2024-08-10T18:53:53","guid":{"rendered":"https:\/\/www.rggloves-algerie.com\/?post_type=product&#038;p=1174"},"modified":"2024-08-10T23:18:06","modified_gmt":"2024-08-10T23:18:06","slug":"aversa-24","status":"publish","type":"product","link":"https:\/\/www.rggloves-algerie.com\/?product=aversa-24","title":{"rendered":"Aversa"},"content":{"rendered":"<p><strong>Revers :<\/strong><br \/>Nouveau White EVO Zone Plus. Mat\u00e9riau r\u00e9volutionnaire, hautement respirant et tr\u00e8s \u00e9lastique. Une meilleure ventilation et un meilleur processus de refroidissement. Cette gamme utilise des mat\u00e9riaux renouvelables et recycl\u00e9s, assurant une durabilit\u00e9 \u00e9lev\u00e9e. EVO Zone applique une technologie de pointe au confort, offrant une perm\u00e9abilit\u00e9 \u00e0 la vapeur d&rsquo;eau accrue tout en conservant la m\u00eame r\u00e9sistance thermique. La zone de frappe est inject\u00e9e avec un design Gel 3D doux pour une performance de haut calibre.<\/p>\n<p><strong>Paume :<\/strong><br \/>Latex allemand PRO CONTACT blanc de 4 mm + 3 mm, offrant une adh\u00e9rence optimale dans toutes les conditions m\u00e9t\u00e9orologiques et une grande durabilit\u00e9 sur toutes les surfaces.<\/p>\n<p><strong>Fermeture &amp; Poignet :<\/strong><br \/>Syst\u00e8me WFS \u2013 Wrist Fit System, con\u00e7u pour ajuster les besoins du gardien de but de mani\u00e8re unique. La boucle \u00e9lastique amovible ajuste le poignet et renforce la confiance gr\u00e2ce \u00e0 cette nouvelle m\u00e9thode d&rsquo;ing\u00e9nierie ergonomique.<\/p>\n<p><strong>Coupe :<\/strong><br \/>Hybrid Roll Negative. Ajustement avanc\u00e9 avec une forme ergonomique et un mouvement extra flexible pour les doigts.<\/p>\n","protected":false},"excerpt":{"rendered":"<p>Un mod\u00e8le exceptionnel, d\u00e9velopp\u00e9 apr\u00e8s de nombreux efforts avec les derni\u00e8res technologies sp\u00e9cialement cr\u00e9\u00e9es pour RG.<br \/>Avec un design enti\u00e8rement blanc et la nouvelle paume en latex allemand PRO Contact blanc, ce mod\u00e8le est l&rsquo;un des meilleurs gants sans couture sur le march\u00e9 international !<\/p>\n","protected":false},"featured_media":1176,"comment_status":"open","ping_status":"closed","template":"","meta":[],"product_brand":[],"product_cat":[34],"product_tag":[],"class_list":{"0":"post-1174","1":"product","2":"type-product","3":"status-publish","4":"has-post-thumbnail","6":"product_cat-gants","8":"first","9":"instock","10":"shipping-taxable","11":"purchasable","12":"product-type-variable","13":"has-default-attributes"},"_links":{"self":[{"href":"https:\/\/www.rggloves-algerie.com\/index.php?rest_route=\/wp\/v2\/product\/1174","targetHints":{"allow":["GET"]}}],"collection":[{"href":"https:\/\/www.rggloves-algerie.com\/index.php?rest_route=\/wp\/v2\/product"}],"about":[{"href":"https:\/\/www.rggloves-algerie.com\/index.php?rest_route=\/wp\/v2\/types\/product"}],"replies":[{"embeddable":true,"href":"https:\/\/www.rggloves-algerie.com\/index.php?rest_route=%2Fwp%2Fv2%2Fcomments&post=1174"}],"wp:featuredmedia":[{"embeddable":true,"href":"https:\/\/www.rggloves-algerie.com\/index.php?rest_route=\/wp\/v2\/media\/1176"}],"wp:attachment":[{"href":"https:\/\/www.rggloves-algerie.com\/index.php?rest_route=%2Fwp%2Fv2%2Fmedia&parent=1174"}],"wp:term":[{"taxonomy":"product_brand","embeddable":true,"href":"https:\/\/www.rggloves-algerie.com\/index.php?rest_route=%2Fwp%2Fv2%2Fproduct_brand&post=1174"},{"taxonomy":"product_cat","embeddable":true,"href":"https:\/\/www.rggloves-algerie.com\/index.php?rest_route=%2Fwp%2Fv2%2Fproduct_cat&post=1174"},{"taxonomy":"product_tag","embeddable":true,"href":"https:\/\/www.rggloves-algerie.com\/index.php?rest_route=%2Fwp%2Fv2%2Fproduct_tag&post=1174"}],"curies":[{"name":"wp","href":"https:\/\/api.w.org\/{rel}","templated":true}]}}