{"id":1152,"date":"2024-08-10T18:44:25","date_gmt":"2024-08-10T18:44:25","guid":{"rendered":"https:\/\/www.rggloves-algerie.com\/?post_type=product&#038;p=1152"},"modified":"2024-08-10T19:01:25","modified_gmt":"2024-08-10T19:01:25","slug":"aspro","status":"publish","type":"product","link":"https:\/\/www.rggloves-algerie.com\/?product=aspro","title":{"rendered":"Aspro"},"content":{"rendered":"<p><strong>REVERS &amp; CORPS<\/strong><br \/>Design \u00e9pur\u00e9 et minimaliste avec de nouvelles caract\u00e9ristiques de gaufrage, sans compromettre un ajustement exceptionnel. Design long du revers, fabriqu\u00e9 avec un mat\u00e9riau en n\u00e9opr\u00e8ne doux et une texture de sublimation avec gaufrage et impression 3D allemande, offrant plus de solidit\u00e9 et de contr\u00f4le. Syst\u00e8me de soutien enveloppant pour un meilleur contr\u00f4le du pouce.<\/p>\n<p><strong>COUPE<\/strong><br \/>Coupe Roll Hybrid ajust\u00e9e, offrant un excellent contact avec le ballon.<\/p>\n<p><strong>PAUME<\/strong><br \/>Latex allemand PRO Contact blanc de 4 mm + paume rembourr\u00e9e de 3,5 mm, offrant la meilleure adh\u00e9rence possible et une flexibilit\u00e9 remarquable.<\/p>\n<p><strong>TECHNOLOGIE FIX FIT<\/strong><\/p>\n<p><strong>FERMETURE<\/strong><br \/>La bande \u00e9lastique en latex double avec gel en caoutchouc prolong\u00e9 apporte un soutien au poignet, tout en \u00e9tant super ajustable et confortable. Syst\u00e8me Easy Entry sp\u00e9cialement con\u00e7u pour les gardiens de but, offrant une flexibilit\u00e9 totale et une mise en place et un retrait faciles.<\/p>\n","protected":false},"excerpt":{"rendered":"<p>Choisi par des centaines de gardiens PRO \u00e0 travers le monde, le mod\u00e8le Aspro est une \u0153uvre intemporelle alliant \u00e9l\u00e9gance, performance et reconnaissance internationale.<br \/>Aspro arbore un design \u00e9pur\u00e9 et minimaliste en combinaison de couleurs blanche et noire saisissante. <br \/>Que vous d\u00e9fendiez le but dans une ligue locale ou sur la sc\u00e8ne mondiale, ces gants d\u00e9gagent une confiance in\u00e9branlable.<\/p>\n","protected":false},"featured_media":1154,"comment_status":"open","ping_status":"closed","template":"","meta":[],"product_brand":[],"product_cat":[34],"product_tag":[],"class_list":{"0":"post-1152","1":"product","2":"type-product","3":"status-publish","4":"has-post-thumbnail","6":"product_cat-gants","8":"first","9":"instock","10":"shipping-taxable","11":"purchasable","12":"product-type-variable","13":"has-default-attributes"},"_links":{"self":[{"href":"https:\/\/www.rggloves-algerie.com\/index.php?rest_route=\/wp\/v2\/product\/1152","targetHints":{"allow":["GET"]}}],"collection":[{"href":"https:\/\/www.rggloves-algerie.com\/index.php?rest_route=\/wp\/v2\/product"}],"about":[{"href":"https:\/\/www.rggloves-algerie.com\/index.php?rest_route=\/wp\/v2\/types\/product"}],"replies":[{"embeddable":true,"href":"https:\/\/www.rggloves-algerie.com\/index.php?rest_route=%2Fwp%2Fv2%2Fcomments&post=1152"}],"wp:featuredmedia":[{"embeddable":true,"href":"https:\/\/www.rggloves-algerie.com\/index.php?rest_route=\/wp\/v2\/media\/1154"}],"wp:attachment":[{"href":"https:\/\/www.rggloves-algerie.com\/index.php?rest_route=%2Fwp%2Fv2%2Fmedia&parent=1152"}],"wp:term":[{"taxonomy":"product_brand","embeddable":true,"href":"https:\/\/www.rggloves-algerie.com\/index.php?rest_route=%2Fwp%2Fv2%2Fproduct_brand&post=1152"},{"taxonomy":"product_cat","embeddable":true,"href":"https:\/\/www.rggloves-algerie.com\/index.php?rest_route=%2Fwp%2Fv2%2Fproduct_cat&post=1152"},{"taxonomy":"product_tag","embeddable":true,"href":"https:\/\/www.rggloves-algerie.com\/index.php?rest_route=%2Fwp%2Fv2%2Fproduct_tag&post=1152"}],"curies":[{"name":"wp","href":"https:\/\/api.w.org\/{rel}","templated":true}]}}