{"id":1145,"date":"2024-08-10T18:29:48","date_gmt":"2024-08-10T18:29:48","guid":{"rendered":"https:\/\/www.rggloves-algerie.com\/?post_type=product&#038;p=1145"},"modified":"2024-08-10T23:17:43","modified_gmt":"2024-08-10T23:17:43","slug":"aspro-24","status":"publish","type":"product","link":"https:\/\/www.rggloves-algerie.com\/?product=aspro-24","title":{"rendered":"Aspro"},"content":{"rendered":"<p><strong>Revers :<\/strong> <br \/>Nouveau design innovant et long pour le revers, fabriqu\u00e9 avec un nouveau mat\u00e9riau en n\u00e9opr\u00e8ne doux et un tissu de sublimation et de gaufrage 3D allemand, offrant plus de solidit\u00e9 et de contr\u00f4le.<\/p>\n<p>Syst\u00e8me de soutien enveloppant pour une meilleure contr\u00f4le du pouce.<\/p>\n<p><strong>COUPE :<\/strong><br \/>Roll hybrid, offrant un excellent contact avec le ballon.<\/p>\n<p><strong>PAUME :<\/strong><br \/>Latex allemand PRO Contact blanc de 4 mm + paume rembourr\u00e9e de 3,5 mm pour une adh\u00e9rence optimale et une flexibilit\u00e9 exceptionnelle.<br \/><strong>TECHNOLOGIE FIX-FIT :<\/strong><\/p>\n<p><strong>EES :<\/strong> Syst\u00e8me Easy Entry sp\u00e9cialement con\u00e7u pour les gardiens de but, offrant une flexibilit\u00e9 maximale et une mise en place et un retrait faciles.<\/p>\n<p><strong>FERMETURE :<\/strong> Bande \u00e9lastique en latex double avec gel en caoutchouc prolong\u00e9, offrant un soutien au poignet tout en \u00e9tant ajustable et confortable.<\/p>\n","protected":false},"excerpt":{"rendered":"<p>Revers : Nouveau design innovant et long pour le revers, fabriqu\u00e9 avec un nouveau mat\u00e9riau en n\u00e9opr\u00e8ne doux et un tissu de sublimation et de gaufrage 3D allemand, offrant plus de solidit\u00e9 et de contr\u00f4le. Syst\u00e8me de soutien enveloppant pour une meilleure contr\u00f4le du pouce. COUPE :Roll hybrid, offrant un excellent contact avec le ballon. [&hellip;]<\/p>\n","protected":false},"featured_media":1303,"comment_status":"open","ping_status":"closed","template":"","meta":[],"product_brand":[],"product_cat":[34],"product_tag":[],"class_list":{"0":"post-1145","1":"product","2":"type-product","3":"status-publish","4":"has-post-thumbnail","6":"product_cat-gants","8":"first","9":"instock","10":"shipping-taxable","11":"purchasable","12":"product-type-variable","13":"has-default-attributes"},"_links":{"self":[{"href":"https:\/\/www.rggloves-algerie.com\/index.php?rest_route=\/wp\/v2\/product\/1145","targetHints":{"allow":["GET"]}}],"collection":[{"href":"https:\/\/www.rggloves-algerie.com\/index.php?rest_route=\/wp\/v2\/product"}],"about":[{"href":"https:\/\/www.rggloves-algerie.com\/index.php?rest_route=\/wp\/v2\/types\/product"}],"replies":[{"embeddable":true,"href":"https:\/\/www.rggloves-algerie.com\/index.php?rest_route=%2Fwp%2Fv2%2Fcomments&post=1145"}],"wp:featuredmedia":[{"embeddable":true,"href":"https:\/\/www.rggloves-algerie.com\/index.php?rest_route=\/wp\/v2\/media\/1303"}],"wp:attachment":[{"href":"https:\/\/www.rggloves-algerie.com\/index.php?rest_route=%2Fwp%2Fv2%2Fmedia&parent=1145"}],"wp:term":[{"taxonomy":"product_brand","embeddable":true,"href":"https:\/\/www.rggloves-algerie.com\/index.php?rest_route=%2Fwp%2Fv2%2Fproduct_brand&post=1145"},{"taxonomy":"product_cat","embeddable":true,"href":"https:\/\/www.rggloves-algerie.com\/index.php?rest_route=%2Fwp%2Fv2%2Fproduct_cat&post=1145"},{"taxonomy":"product_tag","embeddable":true,"href":"https:\/\/www.rggloves-algerie.com\/index.php?rest_route=%2Fwp%2Fv2%2Fproduct_tag&post=1145"}],"curies":[{"name":"wp","href":"https:\/\/api.w.org\/{rel}","templated":true}]}}