{"id":1138,"date":"2024-08-10T18:20:12","date_gmt":"2024-08-10T18:20:12","guid":{"rendered":"https:\/\/www.rggloves-algerie.com\/?post_type=product&#038;p=1138"},"modified":"2024-08-10T18:29:34","modified_gmt":"2024-08-10T18:29:34","slug":"snaga-aqua","status":"publish","type":"product","link":"https:\/\/www.rggloves-algerie.com\/?product=snaga-aqua","title":{"rendered":"Snaga Aqua"},"content":{"rendered":"<p><strong>Revers :<\/strong><br \/>4 mm de latex allemand bleu + 3 mm de rembourrage interne. Mont\u00e9 sur une seule pi\u00e8ce en n\u00e9opr\u00e8ne emboss\u00e9 bleu, con\u00e7u par RG. Nouvelle combinaison de couleurs et nouveau punch en caoutchouc 3D RG !<\/p>\n<p><strong>Corps :<\/strong><br \/>Nouveau design, n\u00e9opr\u00e8ne bleu emboss\u00e9 et imperm\u00e9able en une seule pi\u00e8ce.<\/p>\n<p><strong>Paume :<\/strong><br \/>4 mm + 3 mm de latex allemand AQUA Contact Grip. Mont\u00e9e sur une coupe Roll finger hybride sans couture. Pouce doublement envelopp\u00e9 offrant confort et une plus grande surface de contact avec le ballon.<\/p>\n<p><strong>POIGNET ET FERMETURE :<\/strong><br \/>Syst\u00e8me EES. Nouveau Syst\u00e8me d&rsquo;Entr\u00e9e Facile con\u00e7u par RG pour un enfilage et un retrait faciles. Bande \u00e9lastique doublement envelopp\u00e9e de 6 cm de large. Syst\u00e8me de double r\u00e9glage.<\/p>\n","protected":false},"excerpt":{"rendered":"<p>Un des meilleurs mod\u00e8les au monde en termes de prise en main, de durabilit\u00e9 et de confort. <br \/>Notre mod\u00e8le Snaga Aqua tant attendu et best-seller. Ce mod\u00e8le pr\u00e9sente un nouveau design \u00e9lectrique moderne. <\/p>\n","protected":false},"featured_media":1119,"comment_status":"open","ping_status":"closed","template":"","meta":[],"product_brand":[],"product_cat":[34],"product_tag":[],"class_list":{"0":"post-1138","1":"product","2":"type-product","3":"status-publish","4":"has-post-thumbnail","6":"product_cat-gants","8":"first","9":"instock","10":"shipping-taxable","11":"purchasable","12":"product-type-variable","13":"has-default-attributes"},"_links":{"self":[{"href":"https:\/\/www.rggloves-algerie.com\/index.php?rest_route=\/wp\/v2\/product\/1138","targetHints":{"allow":["GET"]}}],"collection":[{"href":"https:\/\/www.rggloves-algerie.com\/index.php?rest_route=\/wp\/v2\/product"}],"about":[{"href":"https:\/\/www.rggloves-algerie.com\/index.php?rest_route=\/wp\/v2\/types\/product"}],"replies":[{"embeddable":true,"href":"https:\/\/www.rggloves-algerie.com\/index.php?rest_route=%2Fwp%2Fv2%2Fcomments&post=1138"}],"wp:featuredmedia":[{"embeddable":true,"href":"https:\/\/www.rggloves-algerie.com\/index.php?rest_route=\/wp\/v2\/media\/1119"}],"wp:attachment":[{"href":"https:\/\/www.rggloves-algerie.com\/index.php?rest_route=%2Fwp%2Fv2%2Fmedia&parent=1138"}],"wp:term":[{"taxonomy":"product_brand","embeddable":true,"href":"https:\/\/www.rggloves-algerie.com\/index.php?rest_route=%2Fwp%2Fv2%2Fproduct_brand&post=1138"},{"taxonomy":"product_cat","embeddable":true,"href":"https:\/\/www.rggloves-algerie.com\/index.php?rest_route=%2Fwp%2Fv2%2Fproduct_cat&post=1138"},{"taxonomy":"product_tag","embeddable":true,"href":"https:\/\/www.rggloves-algerie.com\/index.php?rest_route=%2Fwp%2Fv2%2Fproduct_tag&post=1138"}],"curies":[{"name":"wp","href":"https:\/\/api.w.org\/{rel}","templated":true}]}}